{"id":468,"date":"2012-03-28T18:52:38","date_gmt":"2012-03-28T18:52:38","guid":{"rendered":"http:\/\/www.olgunkontak.com.tr\/?page_id=468"},"modified":"2013-03-17T14:58:15","modified_gmt":"2013-03-17T14:58:15","slug":"il","status":"publish","type":"page","link":"http:\/\/www.olgunkontak.com.tr\/?page_id=468","title":{"rendered":"\u0130LET\u0130\u015e\u0130M"},"content":{"rendered":"<p><img loading=\"lazy\" class=\"alignleft size-full wp-image-331\" title=\"iltsm\" src=\"http:\/\/www.olgunkontak.com.tr\/wp-content\/uploads\/2012\/03\/iltsm.jpg\" alt=\"\" width=\"368\" height=\"325\" srcset=\"http:\/\/www.olgunkontak.com.tr\/wp-content\/uploads\/2012\/03\/iltsm.jpg 368w, http:\/\/www.olgunkontak.com.tr\/wp-content\/uploads\/2012\/03\/iltsm-300x264.jpg 300w\" sizes=\"(max-width: 368px) 100vw, 368px\" \/>G\u00fcll\u00fcba\u011flar Mahallesi<\/p>\n<p>Sanayi Caddesi<\/p>\n<p>No: 29 Pendik \/ \u0130STANBUL<\/p>\n<p>Tel: 0 216 352 01 55 \u2013 352 08 92<\/p>\n<p>For International Calls:<\/p>\n<p>0090 533 608 00 77<\/p>\n<p>Faks: 0 216 352 03 21<\/p>\n<p>e-posta: olgun@olgunkontak.com.tr<\/p>\n","protected":false},"excerpt":{"rendered":"<p>G\u00fcll\u00fcba\u011flar Mahallesi Sanayi Caddesi No: 29 Pendik \/ \u0130STANBUL Tel: 0 216 352 01 55 \u2013 352 08 92 For International Calls: 0090 533 608 00 77 Faks: 0 216 352 03 21 e-posta: olgun@olgunkontak.com.tr<\/p>\n","protected":false},"author":1,"featured_media":0,"parent":0,"menu_order":0,"comment_status":"open","ping_status":"open","template":"page-contact.php","meta":[],"_links":{"self":[{"href":"http:\/\/www.olgunkontak.com.tr\/index.php?rest_route=\/wp\/v2\/pages\/468"}],"collection":[{"href":"http:\/\/www.olgunkontak.com.tr\/index.php?rest_route=\/wp\/v2\/pages"}],"about":[{"href":"http:\/\/www.olgunkontak.com.tr\/index.php?rest_route=\/wp\/v2\/types\/page"}],"author":[{"embeddable":true,"href":"http:\/\/www.olgunkontak.com.tr\/index.php?rest_route=\/wp\/v2\/users\/1"}],"replies":[{"embeddable":true,"href":"http:\/\/www.olgunkontak.com.tr\/index.php?rest_route=%2Fwp%2Fv2%2Fcomments&post=468"}],"version-history":[{"count":6,"href":"http:\/\/www.olgunkontak.com.tr\/index.php?rest_route=\/wp\/v2\/pages\/468\/revisions"}],"predecessor-version":[{"id":477,"href":"http:\/\/www.olgunkontak.com.tr\/index.php?rest_route=\/wp\/v2\/pages\/468\/revisions\/477"}],"wp:attachment":[{"href":"http:\/\/www.olgunkontak.com.tr\/index.php?rest_route=%2Fwp%2Fv2%2Fmedia&parent=468"}],"curies":[{"name":"wp","href":"https:\/\/api.w.org\/{rel}","templated":true}]}}